{"id":385,"date":"2022-07-09T15:41:41","date_gmt":"2022-07-09T13:41:41","guid":{"rendered":"https:\/\/insane-music.com\/?page_id=385"},"modified":"2022-07-09T22:55:05","modified_gmt":"2022-07-09T20:55:05","slug":"livre-dor","status":"publish","type":"page","link":"https:\/\/insane-music.com\/index.php\/livre-dor\/","title":{"rendered":"LIVRE D&rsquo;OR"},"content":{"rendered":"\n<blockquote class=\"wp-block-quote is-layout-flow wp-block-quote-is-layout-flow\"><p>\u00ab\u00a0Nous avons eu la chance d&rsquo;avoir un super groupe pour animer notre vin d&rsquo;honneur. Ambiance musicale parfaite qui a beaucoup plu. Mais surtout le groupe nous a accompagn\u00e9 pour notre c\u00e9r\u00e9monie la\u00efque, ils ont permis de transmettre nos \u00e9motions et notre bonheur exactement comme nous le souhaitions. Une voix magnifique accompagn\u00e9e par d&rsquo;excellents musiciens et de grands sourires ! Nous recommandons, vous pouvez leur confier le plus beau jour de votre vie les yeux ferm\u00e9s.\u00a0\u00bb<\/p><cite>Audrey et Benjamin &#8211; Mariage juillet 2021<\/cite><\/blockquote>\n\n\n\n<p><\/p>\n\n\n\n<p class=\"has-text-align-center has-white-color has-text-color\">&#8211;<br><\/p>\n\n\n\n<blockquote class=\"wp-block-quote is-layout-flow wp-block-quote-is-layout-flow\"><p>\u00ab\u00a0Merci Insane, d&rsquo;avoir anim\u00e9 le vin d&rsquo;honneur de notre mariage. Quand on revoit les vid\u00e9os trois ans apr\u00e8s, nous avons toujours autant d&rsquo;\u00e9motions. Nos invit\u00e9s nous en reparlent encore, et les suivent sur les r\u00e9seaux sociaux. On sait qui on prendra pour f\u00eater notre anniversaire\u00a0\u00bb<\/p><cite>Cynthia et Damien &#8211; Mariage juin 2019<\/cite><\/blockquote>\n","protected":false},"excerpt":{"rendered":"<p>\u00ab\u00a0Nous avons eu la chance d&rsquo;avoir un super groupe pour animer notre vin d&rsquo;honneur. Ambiance musicale parfaite qui a beaucoup plu. Mais surtout le groupe nous a accompagn\u00e9 pour notre c\u00e9r\u00e9monie la\u00efque, ils ont permis de transmettre nos \u00e9motions et notre bonheur exactement comme nous le souhaitions. Une voix magnifique accompagn\u00e9e par d&rsquo;excellents musiciens et [&hellip;]<\/p>\n","protected":false},"author":3,"featured_media":0,"parent":0,"menu_order":0,"comment_status":"closed","ping_status":"closed","template":"","meta":{"saved_in_kubio":false,"footnotes":""},"class_list":["post-385","page","type-page","status-publish","hentry"],"kubio_ai_page_context":{"short_desc":"","purpose":"general"},"yoast_head":"<!-- This site is optimized with the Yoast SEO plugin v23.9 - https:\/\/yoast.com\/wordpress\/plugins\/seo\/ -->\n<title>LIVRE D&#039;OR - INSANE<\/title>\n<meta name=\"robots\" content=\"index, follow, max-snippet:-1, max-image-preview:large, max-video-preview:-1\" \/>\n<link rel=\"canonical\" href=\"https:\/\/insane-music.com\/index.php\/livre-dor\/\" \/>\n<meta property=\"og:locale\" content=\"fr_FR\" \/>\n<meta property=\"og:type\" content=\"article\" \/>\n<meta property=\"og:title\" content=\"LIVRE D&#039;OR - INSANE\" \/>\n<meta property=\"og:description\" content=\"\u00ab\u00a0Nous avons eu la chance d&rsquo;avoir un super groupe pour animer notre vin d&rsquo;honneur. Ambiance musicale parfaite qui a beaucoup plu. Mais surtout le groupe nous a accompagn\u00e9 pour notre c\u00e9r\u00e9monie la\u00efque, ils ont permis de transmettre nos \u00e9motions et notre bonheur exactement comme nous le souhaitions. Une voix magnifique accompagn\u00e9e par d&rsquo;excellents musiciens et [&hellip;]\" \/>\n<meta property=\"og:url\" content=\"https:\/\/insane-music.com\/index.php\/livre-dor\/\" \/>\n<meta property=\"og:site_name\" content=\"INSANE\" \/>\n<meta property=\"article:publisher\" content=\"https:\/\/www.facebook.com\/insane.music.tours\/?locale=fr_FR\" \/>\n<meta property=\"article:modified_time\" content=\"2022-07-09T20:55:05+00:00\" \/>\n<meta name=\"twitter:card\" content=\"summary_large_image\" \/>\n<meta name=\"twitter:label1\" content=\"Dur\u00e9e de lecture estim\u00e9e\" \/>\n\t<meta name=\"twitter:data1\" content=\"1 minute\" \/>\n<script type=\"application\/ld+json\" class=\"yoast-schema-graph\">{\"@context\":\"https:\/\/schema.org\",\"@graph\":[{\"@type\":\"WebPage\",\"@id\":\"https:\/\/insane-music.com\/index.php\/livre-dor\/\",\"url\":\"https:\/\/insane-music.com\/index.php\/livre-dor\/\",\"name\":\"LIVRE D'OR - INSANE\",\"isPartOf\":{\"@id\":\"https:\/\/insane-music.com\/#website\"},\"datePublished\":\"2022-07-09T13:41:41+00:00\",\"dateModified\":\"2022-07-09T20:55:05+00:00\",\"breadcrumb\":{\"@id\":\"https:\/\/insane-music.com\/index.php\/livre-dor\/#breadcrumb\"},\"inLanguage\":\"fr-FR\",\"potentialAction\":[{\"@type\":\"ReadAction\",\"target\":[\"https:\/\/insane-music.com\/index.php\/livre-dor\/\"]}]},{\"@type\":\"BreadcrumbList\",\"@id\":\"https:\/\/insane-music.com\/index.php\/livre-dor\/#breadcrumb\",\"itemListElement\":[{\"@type\":\"ListItem\",\"position\":1,\"name\":\"Accueil\",\"item\":\"https:\/\/insane-music.com\/\"},{\"@type\":\"ListItem\",\"position\":2,\"name\":\"LIVRE D&rsquo;OR\"}]},{\"@type\":\"WebSite\",\"@id\":\"https:\/\/insane-music.com\/#website\",\"url\":\"https:\/\/insane-music.com\/\",\"name\":\"INSANE MUSIC\",\"description\":\"Groupe de musique de Tours\",\"publisher\":{\"@id\":\"https:\/\/insane-music.com\/#organization\"},\"potentialAction\":[{\"@type\":\"SearchAction\",\"target\":{\"@type\":\"EntryPoint\",\"urlTemplate\":\"https:\/\/insane-music.com\/?s={search_term_string}\"},\"query-input\":{\"@type\":\"PropertyValueSpecification\",\"valueRequired\":true,\"valueName\":\"search_term_string\"}}],\"inLanguage\":\"fr-FR\"},{\"@type\":\"Organization\",\"@id\":\"https:\/\/insane-music.com\/#organization\",\"name\":\"INSANE MUSIC\",\"url\":\"https:\/\/insane-music.com\/\",\"logo\":{\"@type\":\"ImageObject\",\"inLanguage\":\"fr-FR\",\"@id\":\"https:\/\/insane-music.com\/#\/schema\/logo\/image\/\",\"url\":\"https:\/\/insane-music.com\/wp-content\/uploads\/2024\/02\/Insane-1.jpg\",\"contentUrl\":\"https:\/\/insane-music.com\/wp-content\/uploads\/2024\/02\/Insane-1.jpg\",\"width\":533,\"height\":480,\"caption\":\"INSANE MUSIC\"},\"image\":{\"@id\":\"https:\/\/insane-music.com\/#\/schema\/logo\/image\/\"},\"sameAs\":[\"https:\/\/www.facebook.com\/insane.music.tours\/?locale=fr_FR\",\"https:\/\/www.instagram.com\/insane.music.tours?fbclid=IwZXh0bgNhZW0CMTAAAR0JcUnhEc5RkgmGjzYhCZL4qQ_MYnl-dkU-wo2cdxpSXq5SzTg95a0heVk_aem_rpKpHIiErom54XiDmaLAnw\",\"https:\/\/www.youtube.com\/@insanemusictours\"]}]}<\/script>\n<!-- \/ Yoast SEO plugin. -->","yoast_head_json":{"title":"LIVRE D'OR - INSANE","robots":{"index":"index","follow":"follow","max-snippet":"max-snippet:-1","max-image-preview":"max-image-preview:large","max-video-preview":"max-video-preview:-1"},"canonical":"https:\/\/insane-music.com\/index.php\/livre-dor\/","og_locale":"fr_FR","og_type":"article","og_title":"LIVRE D'OR - INSANE","og_description":"\u00ab\u00a0Nous avons eu la chance d&rsquo;avoir un super groupe pour animer notre vin d&rsquo;honneur. Ambiance musicale parfaite qui a beaucoup plu. Mais surtout le groupe nous a accompagn\u00e9 pour notre c\u00e9r\u00e9monie la\u00efque, ils ont permis de transmettre nos \u00e9motions et notre bonheur exactement comme nous le souhaitions. Une voix magnifique accompagn\u00e9e par d&rsquo;excellents musiciens et [&hellip;]","og_url":"https:\/\/insane-music.com\/index.php\/livre-dor\/","og_site_name":"INSANE","article_publisher":"https:\/\/www.facebook.com\/insane.music.tours\/?locale=fr_FR","article_modified_time":"2022-07-09T20:55:05+00:00","twitter_card":"summary_large_image","twitter_misc":{"Dur\u00e9e de lecture estim\u00e9e":"1 minute"},"schema":{"@context":"https:\/\/schema.org","@graph":[{"@type":"WebPage","@id":"https:\/\/insane-music.com\/index.php\/livre-dor\/","url":"https:\/\/insane-music.com\/index.php\/livre-dor\/","name":"LIVRE D'OR - INSANE","isPartOf":{"@id":"https:\/\/insane-music.com\/#website"},"datePublished":"2022-07-09T13:41:41+00:00","dateModified":"2022-07-09T20:55:05+00:00","breadcrumb":{"@id":"https:\/\/insane-music.com\/index.php\/livre-dor\/#breadcrumb"},"inLanguage":"fr-FR","potentialAction":[{"@type":"ReadAction","target":["https:\/\/insane-music.com\/index.php\/livre-dor\/"]}]},{"@type":"BreadcrumbList","@id":"https:\/\/insane-music.com\/index.php\/livre-dor\/#breadcrumb","itemListElement":[{"@type":"ListItem","position":1,"name":"Accueil","item":"https:\/\/insane-music.com\/"},{"@type":"ListItem","position":2,"name":"LIVRE D&rsquo;OR"}]},{"@type":"WebSite","@id":"https:\/\/insane-music.com\/#website","url":"https:\/\/insane-music.com\/","name":"INSANE MUSIC","description":"Groupe de musique de Tours","publisher":{"@id":"https:\/\/insane-music.com\/#organization"},"potentialAction":[{"@type":"SearchAction","target":{"@type":"EntryPoint","urlTemplate":"https:\/\/insane-music.com\/?s={search_term_string}"},"query-input":{"@type":"PropertyValueSpecification","valueRequired":true,"valueName":"search_term_string"}}],"inLanguage":"fr-FR"},{"@type":"Organization","@id":"https:\/\/insane-music.com\/#organization","name":"INSANE MUSIC","url":"https:\/\/insane-music.com\/","logo":{"@type":"ImageObject","inLanguage":"fr-FR","@id":"https:\/\/insane-music.com\/#\/schema\/logo\/image\/","url":"https:\/\/insane-music.com\/wp-content\/uploads\/2024\/02\/Insane-1.jpg","contentUrl":"https:\/\/insane-music.com\/wp-content\/uploads\/2024\/02\/Insane-1.jpg","width":533,"height":480,"caption":"INSANE MUSIC"},"image":{"@id":"https:\/\/insane-music.com\/#\/schema\/logo\/image\/"},"sameAs":["https:\/\/www.facebook.com\/insane.music.tours\/?locale=fr_FR","https:\/\/www.instagram.com\/insane.music.tours?fbclid=IwZXh0bgNhZW0CMTAAAR0JcUnhEc5RkgmGjzYhCZL4qQ_MYnl-dkU-wo2cdxpSXq5SzTg95a0heVk_aem_rpKpHIiErom54XiDmaLAnw","https:\/\/www.youtube.com\/@insanemusictours"]}]}},"_links":{"self":[{"href":"https:\/\/insane-music.com\/index.php\/wp-json\/wp\/v2\/pages\/385","targetHints":{"allow":["GET"]}}],"collection":[{"href":"https:\/\/insane-music.com\/index.php\/wp-json\/wp\/v2\/pages"}],"about":[{"href":"https:\/\/insane-music.com\/index.php\/wp-json\/wp\/v2\/types\/page"}],"author":[{"embeddable":true,"href":"https:\/\/insane-music.com\/index.php\/wp-json\/wp\/v2\/users\/3"}],"replies":[{"embeddable":true,"href":"https:\/\/insane-music.com\/index.php\/wp-json\/wp\/v2\/comments?post=385"}],"version-history":[{"count":0,"href":"https:\/\/insane-music.com\/index.php\/wp-json\/wp\/v2\/pages\/385\/revisions"}],"wp:attachment":[{"href":"https:\/\/insane-music.com\/index.php\/wp-json\/wp\/v2\/media?parent=385"}],"curies":[{"name":"wp","href":"https:\/\/api.w.org\/{rel}","templated":true}]}}