{"id":20,"date":"2021-08-07T11:14:28","date_gmt":"2021-08-07T09:14:28","guid":{"rendered":"http:\/\/insane-music.com\/?page_id=20"},"modified":"2022-07-09T22:29:51","modified_gmt":"2022-07-09T20:29:51","slug":"cocktails-mariage","status":"publish","type":"page","link":"https:\/\/insane-music.com\/index.php\/cocktails-mariage\/","title":{"rendered":"\u00c9V\u00c9NEMENTIEL: cocktails, bars, mariages&#8230;"},"content":{"rendered":"\n<p>Nous vous proposons un accompagnement musical pour diff\u00e9rents types d&rsquo;\u00e9v\u00e8nements : musique d&rsquo;ambiance en bar, animation des cocktails de mariage, PACS ou autre &#8230;<br>Le r\u00e9pertoire s&rsquo;inscrit dans un style lounge et vous permettra de b\u00e9n\u00e9ficier d&rsquo;une ambiance chaleureuse.<\/p>\n\n\n\n<p>PS : La playlist dont nous disposons n&rsquo;est pas exhaustive et nous pouvons adapter une partie de celui-ci en y int\u00e9grant les titres que vous souhaitez entendre au cours de votre \u00e9v\u00e8nement.<\/p>\n\n\n\n<figure class=\"wp-block-gallery columns-1 is-cropped wp-block-gallery-1 is-layout-flex wp-block-gallery-is-layout-flex\"><ul class=\"blocks-gallery-grid\"><li class=\"blocks-gallery-item\"><figure><img loading=\"lazy\" decoding=\"async\" width=\"720\" height=\"540\" src=\"https:\/\/insane-music.com\/wp-content\/uploads\/2022\/07\/FB_IMG_1656960837517.jpg\" alt=\"\" data-id=\"417\" data-full-url=\"https:\/\/insane-music.com\/wp-content\/uploads\/2022\/07\/FB_IMG_1656960837517.jpg\" data-link=\"https:\/\/insane-music.com\/index.php\/cocktails-mariage\/fb_img_1656960837517\/\" class=\"wp-image-417\" srcset=\"https:\/\/insane-music.com\/wp-content\/uploads\/2022\/07\/FB_IMG_1656960837517.jpg 720w, https:\/\/insane-music.com\/wp-content\/uploads\/2022\/07\/FB_IMG_1656960837517-300x225.jpg 300w\" sizes=\"(max-width: 720px) 100vw, 720px\" \/><\/figure><\/li><\/ul><\/figure>\n\n\n\n<p><br><strong><em>Pour nous contacter :   <a href=\"https:\/\/insane-music.com\/index.php\/contact\/\">cliquez ici<\/a><\/em><\/strong><\/p>\n","protected":false},"excerpt":{"rendered":"<p>Nous vous proposons un accompagnement musical pour diff\u00e9rents types d&rsquo;\u00e9v\u00e8nements : musique d&rsquo;ambiance en bar, animation des cocktails de mariage, PACS ou autre &#8230;Le r\u00e9pertoire s&rsquo;inscrit dans un style lounge et vous permettra de b\u00e9n\u00e9ficier d&rsquo;une ambiance chaleureuse. PS : La playlist dont nous disposons n&rsquo;est pas exhaustive et nous pouvons adapter une partie de [&hellip;]<\/p>\n","protected":false},"author":3,"featured_media":0,"parent":0,"menu_order":0,"comment_status":"closed","ping_status":"closed","template":"","meta":{"saved_in_kubio":false,"footnotes":""},"class_list":["post-20","page","type-page","status-publish","hentry"],"kubio_ai_page_context":{"short_desc":"","purpose":"general"},"yoast_head":"<!-- This site is optimized with the Yoast SEO plugin v23.9 - https:\/\/yoast.com\/wordpress\/plugins\/seo\/ -->\n<title>\u00c9V\u00c9NEMENTIEL: cocktails, bars, mariages... - INSANE<\/title>\n<meta name=\"robots\" content=\"index, follow, max-snippet:-1, max-image-preview:large, max-video-preview:-1\" \/>\n<link rel=\"canonical\" href=\"https:\/\/insane-music.com\/index.php\/cocktails-mariage\/\" \/>\n<meta property=\"og:locale\" content=\"fr_FR\" \/>\n<meta property=\"og:type\" content=\"article\" \/>\n<meta property=\"og:title\" content=\"\u00c9V\u00c9NEMENTIEL: cocktails, bars, mariages... - INSANE\" \/>\n<meta property=\"og:description\" content=\"Nous vous proposons un accompagnement musical pour diff\u00e9rents types d&rsquo;\u00e9v\u00e8nements : musique d&rsquo;ambiance en bar, animation des cocktails de mariage, PACS ou autre &#8230;Le r\u00e9pertoire s&rsquo;inscrit dans un style lounge et vous permettra de b\u00e9n\u00e9ficier d&rsquo;une ambiance chaleureuse. PS : La playlist dont nous disposons n&rsquo;est pas exhaustive et nous pouvons adapter une partie de [&hellip;]\" \/>\n<meta property=\"og:url\" content=\"https:\/\/insane-music.com\/index.php\/cocktails-mariage\/\" \/>\n<meta property=\"og:site_name\" content=\"INSANE\" \/>\n<meta property=\"article:publisher\" content=\"https:\/\/www.facebook.com\/insane.music.tours\/?locale=fr_FR\" \/>\n<meta property=\"article:modified_time\" content=\"2022-07-09T20:29:51+00:00\" \/>\n<meta property=\"og:image\" content=\"https:\/\/insane-music.com\/wp-content\/uploads\/2022\/07\/FB_IMG_1656960837517.jpg\" \/>\n\t<meta property=\"og:image:width\" content=\"720\" \/>\n\t<meta property=\"og:image:height\" content=\"540\" \/>\n\t<meta property=\"og:image:type\" content=\"image\/jpeg\" \/>\n<meta name=\"twitter:card\" content=\"summary_large_image\" \/>\n<script type=\"application\/ld+json\" class=\"yoast-schema-graph\">{\"@context\":\"https:\/\/schema.org\",\"@graph\":[{\"@type\":\"WebPage\",\"@id\":\"https:\/\/insane-music.com\/index.php\/cocktails-mariage\/\",\"url\":\"https:\/\/insane-music.com\/index.php\/cocktails-mariage\/\",\"name\":\"\u00c9V\u00c9NEMENTIEL: cocktails, bars, mariages... - INSANE\",\"isPartOf\":{\"@id\":\"https:\/\/insane-music.com\/#website\"},\"primaryImageOfPage\":{\"@id\":\"https:\/\/insane-music.com\/index.php\/cocktails-mariage\/#primaryimage\"},\"image\":{\"@id\":\"https:\/\/insane-music.com\/index.php\/cocktails-mariage\/#primaryimage\"},\"thumbnailUrl\":\"https:\/\/insane-music.com\/wp-content\/uploads\/2022\/07\/FB_IMG_1656960837517.jpg\",\"datePublished\":\"2021-08-07T09:14:28+00:00\",\"dateModified\":\"2022-07-09T20:29:51+00:00\",\"breadcrumb\":{\"@id\":\"https:\/\/insane-music.com\/index.php\/cocktails-mariage\/#breadcrumb\"},\"inLanguage\":\"fr-FR\",\"potentialAction\":[{\"@type\":\"ReadAction\",\"target\":[\"https:\/\/insane-music.com\/index.php\/cocktails-mariage\/\"]}]},{\"@type\":\"ImageObject\",\"inLanguage\":\"fr-FR\",\"@id\":\"https:\/\/insane-music.com\/index.php\/cocktails-mariage\/#primaryimage\",\"url\":\"https:\/\/insane-music.com\/wp-content\/uploads\/2022\/07\/FB_IMG_1656960837517.jpg\",\"contentUrl\":\"https:\/\/insane-music.com\/wp-content\/uploads\/2022\/07\/FB_IMG_1656960837517.jpg\",\"width\":720,\"height\":540},{\"@type\":\"BreadcrumbList\",\"@id\":\"https:\/\/insane-music.com\/index.php\/cocktails-mariage\/#breadcrumb\",\"itemListElement\":[{\"@type\":\"ListItem\",\"position\":1,\"name\":\"Accueil\",\"item\":\"https:\/\/insane-music.com\/\"},{\"@type\":\"ListItem\",\"position\":2,\"name\":\"\u00c9V\u00c9NEMENTIEL: cocktails, bars, mariages&#8230;\"}]},{\"@type\":\"WebSite\",\"@id\":\"https:\/\/insane-music.com\/#website\",\"url\":\"https:\/\/insane-music.com\/\",\"name\":\"INSANE MUSIC\",\"description\":\"Groupe de musique de Tours\",\"publisher\":{\"@id\":\"https:\/\/insane-music.com\/#organization\"},\"potentialAction\":[{\"@type\":\"SearchAction\",\"target\":{\"@type\":\"EntryPoint\",\"urlTemplate\":\"https:\/\/insane-music.com\/?s={search_term_string}\"},\"query-input\":{\"@type\":\"PropertyValueSpecification\",\"valueRequired\":true,\"valueName\":\"search_term_string\"}}],\"inLanguage\":\"fr-FR\"},{\"@type\":\"Organization\",\"@id\":\"https:\/\/insane-music.com\/#organization\",\"name\":\"INSANE MUSIC\",\"url\":\"https:\/\/insane-music.com\/\",\"logo\":{\"@type\":\"ImageObject\",\"inLanguage\":\"fr-FR\",\"@id\":\"https:\/\/insane-music.com\/#\/schema\/logo\/image\/\",\"url\":\"https:\/\/insane-music.com\/wp-content\/uploads\/2024\/02\/Insane-1.jpg\",\"contentUrl\":\"https:\/\/insane-music.com\/wp-content\/uploads\/2024\/02\/Insane-1.jpg\",\"width\":533,\"height\":480,\"caption\":\"INSANE MUSIC\"},\"image\":{\"@id\":\"https:\/\/insane-music.com\/#\/schema\/logo\/image\/\"},\"sameAs\":[\"https:\/\/www.facebook.com\/insane.music.tours\/?locale=fr_FR\",\"https:\/\/www.instagram.com\/insane.music.tours?fbclid=IwZXh0bgNhZW0CMTAAAR0JcUnhEc5RkgmGjzYhCZL4qQ_MYnl-dkU-wo2cdxpSXq5SzTg95a0heVk_aem_rpKpHIiErom54XiDmaLAnw\",\"https:\/\/www.youtube.com\/@insanemusictours\"]}]}<\/script>\n<!-- \/ Yoast SEO plugin. -->","yoast_head_json":{"title":"\u00c9V\u00c9NEMENTIEL: cocktails, bars, mariages... - INSANE","robots":{"index":"index","follow":"follow","max-snippet":"max-snippet:-1","max-image-preview":"max-image-preview:large","max-video-preview":"max-video-preview:-1"},"canonical":"https:\/\/insane-music.com\/index.php\/cocktails-mariage\/","og_locale":"fr_FR","og_type":"article","og_title":"\u00c9V\u00c9NEMENTIEL: cocktails, bars, mariages... - INSANE","og_description":"Nous vous proposons un accompagnement musical pour diff\u00e9rents types d&rsquo;\u00e9v\u00e8nements : musique d&rsquo;ambiance en bar, animation des cocktails de mariage, PACS ou autre &#8230;Le r\u00e9pertoire s&rsquo;inscrit dans un style lounge et vous permettra de b\u00e9n\u00e9ficier d&rsquo;une ambiance chaleureuse. PS : La playlist dont nous disposons n&rsquo;est pas exhaustive et nous pouvons adapter une partie de [&hellip;]","og_url":"https:\/\/insane-music.com\/index.php\/cocktails-mariage\/","og_site_name":"INSANE","article_publisher":"https:\/\/www.facebook.com\/insane.music.tours\/?locale=fr_FR","article_modified_time":"2022-07-09T20:29:51+00:00","og_image":[{"width":720,"height":540,"url":"https:\/\/insane-music.com\/wp-content\/uploads\/2022\/07\/FB_IMG_1656960837517.jpg","type":"image\/jpeg"}],"twitter_card":"summary_large_image","schema":{"@context":"https:\/\/schema.org","@graph":[{"@type":"WebPage","@id":"https:\/\/insane-music.com\/index.php\/cocktails-mariage\/","url":"https:\/\/insane-music.com\/index.php\/cocktails-mariage\/","name":"\u00c9V\u00c9NEMENTIEL: cocktails, bars, mariages... - INSANE","isPartOf":{"@id":"https:\/\/insane-music.com\/#website"},"primaryImageOfPage":{"@id":"https:\/\/insane-music.com\/index.php\/cocktails-mariage\/#primaryimage"},"image":{"@id":"https:\/\/insane-music.com\/index.php\/cocktails-mariage\/#primaryimage"},"thumbnailUrl":"https:\/\/insane-music.com\/wp-content\/uploads\/2022\/07\/FB_IMG_1656960837517.jpg","datePublished":"2021-08-07T09:14:28+00:00","dateModified":"2022-07-09T20:29:51+00:00","breadcrumb":{"@id":"https:\/\/insane-music.com\/index.php\/cocktails-mariage\/#breadcrumb"},"inLanguage":"fr-FR","potentialAction":[{"@type":"ReadAction","target":["https:\/\/insane-music.com\/index.php\/cocktails-mariage\/"]}]},{"@type":"ImageObject","inLanguage":"fr-FR","@id":"https:\/\/insane-music.com\/index.php\/cocktails-mariage\/#primaryimage","url":"https:\/\/insane-music.com\/wp-content\/uploads\/2022\/07\/FB_IMG_1656960837517.jpg","contentUrl":"https:\/\/insane-music.com\/wp-content\/uploads\/2022\/07\/FB_IMG_1656960837517.jpg","width":720,"height":540},{"@type":"BreadcrumbList","@id":"https:\/\/insane-music.com\/index.php\/cocktails-mariage\/#breadcrumb","itemListElement":[{"@type":"ListItem","position":1,"name":"Accueil","item":"https:\/\/insane-music.com\/"},{"@type":"ListItem","position":2,"name":"\u00c9V\u00c9NEMENTIEL: cocktails, bars, mariages&#8230;"}]},{"@type":"WebSite","@id":"https:\/\/insane-music.com\/#website","url":"https:\/\/insane-music.com\/","name":"INSANE MUSIC","description":"Groupe de musique de Tours","publisher":{"@id":"https:\/\/insane-music.com\/#organization"},"potentialAction":[{"@type":"SearchAction","target":{"@type":"EntryPoint","urlTemplate":"https:\/\/insane-music.com\/?s={search_term_string}"},"query-input":{"@type":"PropertyValueSpecification","valueRequired":true,"valueName":"search_term_string"}}],"inLanguage":"fr-FR"},{"@type":"Organization","@id":"https:\/\/insane-music.com\/#organization","name":"INSANE MUSIC","url":"https:\/\/insane-music.com\/","logo":{"@type":"ImageObject","inLanguage":"fr-FR","@id":"https:\/\/insane-music.com\/#\/schema\/logo\/image\/","url":"https:\/\/insane-music.com\/wp-content\/uploads\/2024\/02\/Insane-1.jpg","contentUrl":"https:\/\/insane-music.com\/wp-content\/uploads\/2024\/02\/Insane-1.jpg","width":533,"height":480,"caption":"INSANE MUSIC"},"image":{"@id":"https:\/\/insane-music.com\/#\/schema\/logo\/image\/"},"sameAs":["https:\/\/www.facebook.com\/insane.music.tours\/?locale=fr_FR","https:\/\/www.instagram.com\/insane.music.tours?fbclid=IwZXh0bgNhZW0CMTAAAR0JcUnhEc5RkgmGjzYhCZL4qQ_MYnl-dkU-wo2cdxpSXq5SzTg95a0heVk_aem_rpKpHIiErom54XiDmaLAnw","https:\/\/www.youtube.com\/@insanemusictours"]}]}},"_links":{"self":[{"href":"https:\/\/insane-music.com\/index.php\/wp-json\/wp\/v2\/pages\/20","targetHints":{"allow":["GET"]}}],"collection":[{"href":"https:\/\/insane-music.com\/index.php\/wp-json\/wp\/v2\/pages"}],"about":[{"href":"https:\/\/insane-music.com\/index.php\/wp-json\/wp\/v2\/types\/page"}],"author":[{"embeddable":true,"href":"https:\/\/insane-music.com\/index.php\/wp-json\/wp\/v2\/users\/3"}],"replies":[{"embeddable":true,"href":"https:\/\/insane-music.com\/index.php\/wp-json\/wp\/v2\/comments?post=20"}],"version-history":[{"count":0,"href":"https:\/\/insane-music.com\/index.php\/wp-json\/wp\/v2\/pages\/20\/revisions"}],"wp:attachment":[{"href":"https:\/\/insane-music.com\/index.php\/wp-json\/wp\/v2\/media?parent=20"}],"curies":[{"name":"wp","href":"https:\/\/api.w.org\/{rel}","templated":true}]}}